{"id":143,"date":"2023-06-16T16:04:35","date_gmt":"2023-06-16T14:04:35","guid":{"rendered":"https:\/\/panel-lozere.com\/?page_id=143"},"modified":"2023-06-16T16:05:05","modified_gmt":"2023-06-16T14:05:05","slug":"site-internet","status":"publish","type":"page","link":"https:\/\/panel-lozere.com\/index.php\/thematiques\/site-internet\/","title":{"rendered":"Site internet"},"content":{"rendered":"\n<p class=\"has-black-color has-text-color\">Disposer d\u2019un site internet est un r\u00e9flexe crucial afin de d\u00e9velopper son activit\u00e9. Peu importe votre secteur, un site web se rel\u00e8ve \u00eatre une v\u00e9ritable vitrine de vos services et prestations. Cette pr\u00e9sence en ligne vous permettra ainsi d\u2019accro\u00eetre votre visibilit\u00e9 aupr\u00e8s de vos prospects, fid\u00e9liser vos clients et en d\u00e9finitive augmenter votre chiffre d\u2019affaires.<\/p>\n\n\n\n<h2 class=\"wp-block-heading has-black-color has-text-color\" style=\"font-size:35px\"><strong>La visibilit\u00e9 en ligne, qu\u2019est-ce que c\u2019est ?<\/strong><\/h2>\n\n\n\n<p class=\"has-black-color has-text-color\">La visibilit\u00e9 en termes marketing, correspond \u00e0 la mani\u00e8re dont la client\u00e8le cibl\u00e9e va percevoir votre structure. Cette derni\u00e8re peut s\u2019appliquer de diff\u00e9rentes fa\u00e7ons : par le biais d\u2019un site internet mais \u00e9galement, des r\u00e9seaux sociaux, de pages web, publicit\u00e9s\u2026 Pour faire plus simple, vous cr\u00e9ez pour votre structure son petit espace sur le web.<\/p>\n\n\n\n<h2 class=\"wp-block-heading has-black-color has-text-color\" style=\"font-size:35px\">Avoir un site internet : la base de votre communication<\/h2>\n\n\n\n<p class=\"has-black-color has-text-color\">Votre site internet est l\u2019un des meilleurs moyens d\u2019accro\u00eetre votre visibilit\u00e9 et vous permet de :<\/p>\n\n\n\n<figure class=\"wp-block-image size-large\"><img loading=\"lazy\" decoding=\"async\" width=\"1024\" height=\"656\" src=\"http:\/\/panel-lozere.com\/wp-content\/uploads\/2023\/06\/2023-06-16-16_02_57-Programme-PANEL-Document-A4-\u2014-Mozilla-Firefox-1024x656.png\" alt=\"\" class=\"wp-image-144\" srcset=\"https:\/\/panel-lozere.com\/wp-content\/uploads\/2023\/06\/2023-06-16-16_02_57-Programme-PANEL-Document-A4-\u2014-Mozilla-Firefox-1024x656.png 1024w, https:\/\/panel-lozere.com\/wp-content\/uploads\/2023\/06\/2023-06-16-16_02_57-Programme-PANEL-Document-A4-\u2014-Mozilla-Firefox-300x192.png 300w, https:\/\/panel-lozere.com\/wp-content\/uploads\/2023\/06\/2023-06-16-16_02_57-Programme-PANEL-Document-A4-\u2014-Mozilla-Firefox-768x492.png 768w, https:\/\/panel-lozere.com\/wp-content\/uploads\/2023\/06\/2023-06-16-16_02_57-Programme-PANEL-Document-A4-\u2014-Mozilla-Firefox-469x300.png 469w, https:\/\/panel-lozere.com\/wp-content\/uploads\/2023\/06\/2023-06-16-16_02_57-Programme-PANEL-Document-A4-\u2014-Mozilla-Firefox.png 1062w\" sizes=\"auto, (max-width: 1024px) 100vw, 1024px\" \/><\/figure>\n","protected":false},"excerpt":{"rendered":"<p>Disposer d\u2019un site internet est un r\u00e9flexe crucial afin de d\u00e9velopper son activit\u00e9. Peu importe votre secteur, un site web se rel\u00e8ve \u00eatre une v\u00e9ritable &hellip;<\/p>\n","protected":false},"author":1,"featured_media":0,"parent":125,"menu_order":0,"comment_status":"closed","ping_status":"closed","template":"","meta":{"footnotes":""},"class_list":["post-143","page","type-page","status-publish","hentry"],"_links":{"self":[{"href":"https:\/\/panel-lozere.com\/index.php\/wp-json\/wp\/v2\/pages\/143","targetHints":{"allow":["GET"]}}],"collection":[{"href":"https:\/\/panel-lozere.com\/index.php\/wp-json\/wp\/v2\/pages"}],"about":[{"href":"https:\/\/panel-lozere.com\/index.php\/wp-json\/wp\/v2\/types\/page"}],"author":[{"embeddable":true,"href":"https:\/\/panel-lozere.com\/index.php\/wp-json\/wp\/v2\/users\/1"}],"replies":[{"embeddable":true,"href":"https:\/\/panel-lozere.com\/index.php\/wp-json\/wp\/v2\/comments?post=143"}],"version-history":[{"count":1,"href":"https:\/\/panel-lozere.com\/index.php\/wp-json\/wp\/v2\/pages\/143\/revisions"}],"predecessor-version":[{"id":145,"href":"https:\/\/panel-lozere.com\/index.php\/wp-json\/wp\/v2\/pages\/143\/revisions\/145"}],"up":[{"embeddable":true,"href":"https:\/\/panel-lozere.com\/index.php\/wp-json\/wp\/v2\/pages\/125"}],"wp:attachment":[{"href":"https:\/\/panel-lozere.com\/index.php\/wp-json\/wp\/v2\/media?parent=143"}],"curies":[{"name":"wp","href":"https:\/\/api.w.org\/{rel}","templated":true}]}}