{"id":149,"date":"2023-06-16T16:08:45","date_gmt":"2023-06-16T14:08:45","guid":{"rendered":"https:\/\/panel-lozere.com\/?page_id=149"},"modified":"2023-06-23T16:06:43","modified_gmt":"2023-06-23T14:06:43","slug":"e-distribution","status":"publish","type":"page","link":"https:\/\/panel-lozere.com\/index.php\/thematiques\/e-distribution\/","title":{"rendered":"E-distribution"},"content":{"rendered":"\n<p class=\"has-headings-color has-text-color\">La mont\u00e9e en puissance d\u2019internet explique le d\u00e9veloppement important des sites web de promotion touristique en \u00e9volution constante pour r\u00e9pondre aux attentes des consommateurs, en recherche d\u2019outils pour choisir leur destination et trouver des id\u00e9es de s\u00e9jours.<br><br>L\u2019influence d\u2019internet est tr\u00e8s marquante dans la pr\u00e9paration des voyages, le <strong><em>commerce \u00e9lectronique<\/em><\/strong><em> (appel\u00e9 \u00ab<strong> e-distribution<\/strong> \u00bb<\/em>) est devenu un canal de vente \u00e0 part enti\u00e8re.<br>&nbsp;On assiste alors \u00e0 un basculement vers les transactions \u00e9lectroniques.<\/p>\n\n\n\n<h4 class=\"wp-block-heading has-headings-color has-text-color\"><em><strong>La e-distribution en Loz\u00e8re, comment est-elle organis\u00e9e ?<\/strong><\/em><\/h4>\n\n\n\n<p class=\"has-headings-color has-text-color\"><strong>Plusieurs outils de commercialisation en ligne sont propos\u00e9s aux prestataires touristiques loz\u00e9riens. L\u2019objectif \u00e9tant :<\/strong><\/p>\n\n\n\n<p class=\"has-headings-color has-text-color\">1 | De tenir compte de la complexit\u00e9 des outils informatiques, et accompagner chaque prestataire afin de lui proposer l\u2019outil qui correspond au mieux \u00e0 son mode de fonctionnement.<\/p>\n\n\n\n<hr class=\"wp-block-separator has-alpha-channel-opacity\"\/>\n\n\n\n<p class=\"has-headings-color has-text-color\">2 | De r\u00e9pondre aux attentes des internautes en leur facilitant la pr\u00e9paration de leurs vacances sur notre territoire.<\/p>\n\n\n\n<hr class=\"wp-block-separator has-alpha-channel-opacity\"\/>\n\n\n\n<p><\/p>\n\n\n\n<h1 class=\"wp-block-heading has-headings-color has-text-color\" style=\"font-size:30px\"><strong><em>La e-distribution en Loz\u00e8re<\/em><\/strong><\/h1>\n\n\n\n<p class=\"has-headings-color has-text-color\">En Loz\u00e8re, retrouvez deux m\u00e9thodes de e-distribution, la place de march\u00e9 Direct Loz\u00e8re et\u00a0la centrale de r\u00e9servation Loz\u00e8re Resa.<\/p>\n\n\n\n<div class=\"wp-block-columns is-layout-flex wp-container-core-columns-is-layout-9d6595d7 wp-block-columns-is-layout-flex\">\n<div class=\"wp-block-column is-layout-flow wp-block-column-is-layout-flow\">\n<h3 class=\"wp-block-heading\" style=\"font-size:20px\"><em>Direct Loz\u00e8re<\/em><\/h3>\n\n\n\n<p class=\"has-accent-1-color has-text-color\"><strong><em>La place de march\u00e9 territoriale<\/em><\/strong><strong><em><\/em><\/strong><\/p>\n\n\n\n<p class=\"has-headings-color has-text-color\">Le Comit\u00e9 D\u00e9partemental du tourisme de la Loz\u00e8re <strong>accompagne les prestataires<\/strong> touristiques dans leur <strong>commercialisation en ligne<\/strong>.<\/p>\n\n\n\n<p class=\"has-headings-color has-text-color\">La place de march\u00e9 Direct Loz\u00e8re a pour objectif de <strong>centraliser l\u2019ensemble des disponibilit\u00e9s des structures touristiques<\/strong> du d\u00e9partement pour les faire remonter, en temps r\u00e9el, sur les sites de promotion touristique territoriaux, et rendre ainsi plus facile la r\u00e9servation en ligne du tourisme loz\u00e9rien.<\/p>\n\n\n\n<p class=\"has-headings-color has-text-color\"><em>Les prestataires utilisant un outil de gestion de planning (ex : Reservit, Ctoutvert, Thelis\u2026.) pourrons se connecter \u00e0 Direct Loz\u00e8re qui sera alors en mesure d\u2019aller chercher les disponibilit\u00e9s dans l\u2019outil d\u2019origine pour les remonter ensuite sur les sites promotionnels.<\/em><\/p>\n\n\n\n<p class=\"has-headings-color has-text-color\">Les propri\u00e9taires de gites et meubl\u00e9s, <strong>adh\u00e9rents \u00e0 Loz\u00e8re R\u00e9sa,<\/strong> sont <strong>automatiquement remont\u00e9<\/strong> dans la place de march\u00e9 Direct Loz\u00e8re.<br><br>Les prestataires qui ne sont dot\u00e9s d\u2019aucun syst\u00e8me de gestion de planning se verrons proposer un outil adapt\u00e9 \u00e0 leur type de structure dont ils auront la gestion. Cet outil permettant alors d\u2019int\u00e9grer les disponibilit\u00e9s \u00e0 Direct Loz\u00e8re.<\/p>\n\n\n\n<p class=\"has-headings-color has-text-color\"><strong>Contacter Direct Loz\u00e8re :<br>Karine JULIER |\u00a0<a href=\"mailto:k.julier@lozere-tourisme.com\">k.julier@lozere-tourisme.com<\/a><\/strong><\/p>\n<\/div>\n\n\n\n<div class=\"wp-block-column is-layout-flow wp-block-column-is-layout-flow\">\n<h2 class=\"wp-block-heading has-headings-color has-text-color\" style=\"font-size:20px\"><strong><em>Loz\u00e8re R\u00e9sa<\/em><\/strong><\/h2>\n\n\n\n<p class=\"has-accent-1-color has-text-color\"><strong><em>Centrale de r\u00e9servation loz\u00e9rienne<\/em><\/strong><\/p>\n\n\n\n<p class=\"has-headings-color has-text-color\"><strong>Service commercial<\/strong> du Comit\u00e9 D\u00e9partemental du Tourisme de la Loz\u00e8re, Loz\u00e8re r\u00e9sa prend en charge tout ce qui concerne la commercialisation en ligne de votre h\u00e9bergement, allant de la publication des offres sur les supports internet de vente de s\u00e9jours en ligne, jusqu\u2019\u00e0 la contractualisation, et la gestion commerciale des r\u00e9servations.<\/p>\n\n\n\n<p class=\"has-headings-color has-text-color\"><em>Le propri\u00e9taire se d\u00e9gage de toutes les missions administratives et commerciales, et se consacre exclusivement \u00e0 l\u2019accueil de ses clients.<\/em><\/p>\n\n\n\n<p class=\"has-headings-color has-text-color\"><strong>Contacter Loz\u00e8re R\u00e9sa :\u00a0<\/strong><br><strong>Christelle ASTRUC |\u00a0<\/strong><a href=\"mailto:c.astruc@lozere-resa.com\"><strong>c.astruc@lozere-resa.com<\/strong><\/a><\/p>\n<\/div>\n<\/div>\n\n\n\n<h3 class=\"wp-block-heading\"><\/h3>\n\n\n\n<p><\/p>\n","protected":false},"excerpt":{"rendered":"<p>La mont\u00e9e en puissance d\u2019internet explique le d\u00e9veloppement important des sites web de promotion touristique en \u00e9volution constante pour r\u00e9pondre aux attentes des consommateurs, en &hellip;<\/p>\n","protected":false},"author":1,"featured_media":0,"parent":125,"menu_order":3,"comment_status":"closed","ping_status":"closed","template":"","meta":{"footnotes":""},"class_list":["post-149","page","type-page","status-publish","hentry"],"_links":{"self":[{"href":"https:\/\/panel-lozere.com\/index.php\/wp-json\/wp\/v2\/pages\/149","targetHints":{"allow":["GET"]}}],"collection":[{"href":"https:\/\/panel-lozere.com\/index.php\/wp-json\/wp\/v2\/pages"}],"about":[{"href":"https:\/\/panel-lozere.com\/index.php\/wp-json\/wp\/v2\/types\/page"}],"author":[{"embeddable":true,"href":"https:\/\/panel-lozere.com\/index.php\/wp-json\/wp\/v2\/users\/1"}],"replies":[{"embeddable":true,"href":"https:\/\/panel-lozere.com\/index.php\/wp-json\/wp\/v2\/comments?post=149"}],"version-history":[{"count":2,"href":"https:\/\/panel-lozere.com\/index.php\/wp-json\/wp\/v2\/pages\/149\/revisions"}],"predecessor-version":[{"id":180,"href":"https:\/\/panel-lozere.com\/index.php\/wp-json\/wp\/v2\/pages\/149\/revisions\/180"}],"up":[{"embeddable":true,"href":"https:\/\/panel-lozere.com\/index.php\/wp-json\/wp\/v2\/pages\/125"}],"wp:attachment":[{"href":"https:\/\/panel-lozere.com\/index.php\/wp-json\/wp\/v2\/media?parent=149"}],"curies":[{"name":"wp","href":"https:\/\/api.w.org\/{rel}","templated":true}]}}