{"id":57,"date":"2023-06-14T14:43:41","date_gmt":"2023-06-14T12:43:41","guid":{"rendered":"https:\/\/panel-lozere.com\/?page_id=57"},"modified":"2023-06-14T16:06:46","modified_gmt":"2023-06-14T14:06:46","slug":"le-projet","status":"publish","type":"page","link":"https:\/\/panel-lozere.com\/index.php\/le-projet\/","title":{"rendered":"Le projet"},"content":{"rendered":"\n<h1 class=\"wp-block-heading alignwide has-larger-font-size\" id=\"we-re-a-studio-in-berlin-with-an-international-practice-in-architecture-urban-planning-and-interior-design-we-believe-in-sharing-knowledge-and-promoting-dialogue-to-increase-the-creative-potential-of-collaboration\" style=\"line-height:1.1\"><strong>La distribution du tourisme a consid\u00e9rablement \u00e9volu\u00e9 avec le web<\/strong><\/h1>\n\n\n\n<p class=\"has-headings-color has-text-color\">PANEL est un programme qui propose l\u2019animation d\u2019un dispositif d\u2019accompagnement et de formation de tous les op\u00e9rateurs touristiques de la Loz\u00e8re, sur les probl\u00e9matiques de d\u00e9veloppement par le num\u00e9rique. Nous souhaitons vous sensibiliser, vous faire monter en comp\u00e9tence et vous perfectionner pour viser \u00e0 un meilleur rendement de vos entreprises et offres touristiques.<\/p>\n\n\n\n<p class=\"has-headings-color has-text-color\">La distribution du tourisme a consid\u00e9rablement \u00e9volu\u00e9 avec la web. Celui-ci occupe d\u00e9sormais une place centrale, majeure et la crise du COVID-19 que nous venons de traverser renforce encore davantage cet \u00e9tat de fait. Les points majeurs \u00e0 travailler au quotidien sont la <strong>visibilit\u00e9 sur le web, les recommandations\/prescriptions, la perception d\u2019un bon rapport qualit\u00e9 prix, la bonne r\u00e9putation, l\u2019ergonomie des sites web, la qualit\u00e9 de l\u2019information, qualit\u00e9 des outils de vente en ligne, la mise \u00e0 jour des r\u00e9seaux sociaux, etc.&nbsp;<\/strong>Cela fait beaucoup, nous en sommes conscients, lorsqu\u2019on ne peut pas y consacrer tout son temps ou d\u2019avoir une personne d\u00e9di\u00e9e. Alors que de nos jours, il est important de vous lancer dans votre e-distribution, de faire les bons choix et d\u00e9velopper les bonnes strat\u00e9gies face aux multiples outils qui s\u2019offrent \u00e0 vous : <strong>nous sommes l\u00e0 pour vous soutenir<\/strong>.&nbsp;&nbsp;<\/p>\n\n\n\n<p><\/p>\n\n\n\n<h1 class=\"wp-block-heading alignwide has-larger-font-size\" id=\"we-re-a-studio-in-berlin-with-an-international-practice-in-architecture-urban-planning-and-interior-design-we-believe-in-sharing-knowledge-and-promoting-dialogue-to-increase-the-creative-potential-of-collaboration\" style=\"line-height:1.1\">Notre mission : nous souhaitons&nbsp;vous guider \u00e0 votre rythme<\/h1>\n\n\n\n<p>vers une bonne compr\u00e9hension des enjeux, une adaptation de votre organisation, de votre strat\u00e9gie, ainsi qu\u2019une ma\u00eetrise des outils du num\u00e9rique et de la vente en ligne\u2026 Dans le but que vous puissiez \u00eatre en phase avec votre march\u00e9 et tirer profit au mieux des nombreuses possibilit\u00e9s que vous offre le num\u00e9rique pour d\u00e9velopper votre visibilit\u00e9 et augmenter votre chiffre d\u2019affaires.<\/p>\n\n\n\n<div class=\"wp-block-columns is-layout-flex wp-container-core-columns-is-layout-9d6595d7 wp-block-columns-is-layout-flex\">\n<div class=\"wp-block-column is-layout-flow wp-block-column-is-layout-flow\" style=\"flex-basis:200px\">\n<figure class=\"wp-block-image size-full\"><img loading=\"lazy\" decoding=\"async\" width=\"500\" height=\"500\" src=\"http:\/\/panel-lozere.com\/wp-content\/uploads\/2023\/06\/1-1.png\" alt=\"\" class=\"wp-image-94\" srcset=\"https:\/\/panel-lozere.com\/wp-content\/uploads\/2023\/06\/1-1.png 500w, https:\/\/panel-lozere.com\/wp-content\/uploads\/2023\/06\/1-1-300x300.png 300w, https:\/\/panel-lozere.com\/wp-content\/uploads\/2023\/06\/1-1-150x150.png 150w\" sizes=\"auto, (max-width: 500px) 100vw, 500px\" \/><\/figure>\n<\/div>\n\n\n\n<div class=\"wp-block-column is-layout-flow wp-block-column-is-layout-flow\">\n<h3 class=\"wp-block-heading has-headings-color has-text-color\" style=\"font-size:30px\">Compr\u00e9hension des enjeux<\/h3>\n\n\n\n<p class=\"has-headings-color has-text-color\">De nombreux enjeux se cachent derri\u00e8re le num\u00e9rique, la durabilit\u00e9 de votre offre dans le temps, la diversification de votre client\u00e8le, la place de votre structure sur le march\u00e9\u2026<\/p>\n\n\n\n<div class=\"wp-block-buttons has-custom-font-size has-small-font-size is-layout-flex wp-block-buttons-is-layout-flex\">\n<div class=\"wp-block-button has-custom-width wp-block-button__width-25 has-custom-font-size has-small-font-size\"><a class=\"wp-block-button__link has-headings-background-color has-background wp-element-button\" href=\"https:\/\/panel-lozere.com\/\" style=\"border-radius:0px\">En savoir plus<\/a><\/div>\n<\/div>\n<\/div>\n<\/div>\n\n\n\n<div class=\"wp-block-columns is-layout-flex wp-container-core-columns-is-layout-9d6595d7 wp-block-columns-is-layout-flex\">\n<div class=\"wp-block-column is-layout-flow wp-block-column-is-layout-flow\" style=\"flex-basis:200px\">\n<figure class=\"wp-block-image size-full\"><img loading=\"lazy\" decoding=\"async\" width=\"500\" height=\"500\" src=\"http:\/\/panel-lozere.com\/wp-content\/uploads\/2023\/06\/2.png\" alt=\"\" class=\"wp-image-95\" srcset=\"https:\/\/panel-lozere.com\/wp-content\/uploads\/2023\/06\/2.png 500w, https:\/\/panel-lozere.com\/wp-content\/uploads\/2023\/06\/2-300x300.png 300w, https:\/\/panel-lozere.com\/wp-content\/uploads\/2023\/06\/2-150x150.png 150w\" sizes=\"auto, (max-width: 500px) 100vw, 500px\" \/><\/figure>\n<\/div>\n\n\n\n<div class=\"wp-block-column is-layout-flow wp-block-column-is-layout-flow\">\n<h3 class=\"wp-block-heading has-headings-color has-text-color\" style=\"font-size:30px\">Ma\u00eetrise de l\u2019outil num\u00e9rique et vente en ligne<\/h3>\n\n\n\n<p class=\"has-headings-color has-text-color\">On est conscients des difficult\u00e9s que peuvent repr\u00e9senter le num\u00e9rique. Nous vous accompagnerons dans la d\u00e9couverte, la ma\u00eetrise et l\u2019utilisation des outils et tout cela \u00e0 votre rythme\u2026<\/p>\n\n\n\n<div class=\"wp-block-buttons is-layout-flex wp-block-buttons-is-layout-flex\">\n<div class=\"wp-block-button has-custom-width wp-block-button__width-25 has-custom-font-size has-small-font-size\"><a class=\"wp-block-button__link has-headings-background-color has-background wp-element-button\" style=\"border-radius:0px\">En savoir plus<\/a><\/div>\n<\/div>\n<\/div>\n<\/div>\n\n\n\n<div class=\"wp-block-columns is-layout-flex wp-container-core-columns-is-layout-9d6595d7 wp-block-columns-is-layout-flex\">\n<div class=\"wp-block-column is-layout-flow wp-block-column-is-layout-flow\" style=\"flex-basis:200px\">\n<figure class=\"wp-block-image size-full\"><img loading=\"lazy\" decoding=\"async\" width=\"500\" height=\"500\" src=\"http:\/\/panel-lozere.com\/wp-content\/uploads\/2023\/06\/3.png\" alt=\"\" class=\"wp-image-96\" srcset=\"https:\/\/panel-lozere.com\/wp-content\/uploads\/2023\/06\/3.png 500w, https:\/\/panel-lozere.com\/wp-content\/uploads\/2023\/06\/3-300x300.png 300w, https:\/\/panel-lozere.com\/wp-content\/uploads\/2023\/06\/3-150x150.png 150w\" sizes=\"auto, (max-width: 500px) 100vw, 500px\" \/><\/figure>\n<\/div>\n\n\n\n<div class=\"wp-block-column is-layout-flow wp-block-column-is-layout-flow\">\n<h3 class=\"wp-block-heading has-headings-color has-text-color\" style=\"font-size:30px\">Accroissement de votre visibilit\u00e9<\/h3>\n\n\n\n<p class=\"has-headings-color has-text-color\">Accro\u00eetre sa visibilit\u00e9 en ligne est de nos jours un incontournable dans le parcours de vente de vos prestations. Ainsi, en vous inscrivant \u00e0 plus ou moins grande \u00e9chelle sur les outils num\u00e9riques, vous pourrez toucher de nouvelles client\u00e8les, remplir vos plannings de r\u00e9servations, redynamiser votre offre\u2026<\/p>\n\n\n\n<div class=\"wp-block-buttons is-layout-flex wp-block-buttons-is-layout-flex\">\n<div class=\"wp-block-button has-custom-width wp-block-button__width-25 has-custom-font-size has-small-font-size\"><a class=\"wp-block-button__link has-headings-background-color has-background wp-element-button\" style=\"border-radius:0px\">En savoir plus<\/a><\/div>\n<\/div>\n<\/div>\n<\/div>\n\n\n\n<div class=\"wp-block-columns is-layout-flex wp-container-core-columns-is-layout-9d6595d7 wp-block-columns-is-layout-flex\">\n<div class=\"wp-block-column is-layout-flow wp-block-column-is-layout-flow\" style=\"flex-basis:200px\">\n<figure class=\"wp-block-image size-full\"><img loading=\"lazy\" decoding=\"async\" width=\"500\" height=\"500\" src=\"http:\/\/panel-lozere.com\/wp-content\/uploads\/2023\/06\/4.png\" alt=\"\" class=\"wp-image-97\" srcset=\"https:\/\/panel-lozere.com\/wp-content\/uploads\/2023\/06\/4.png 500w, https:\/\/panel-lozere.com\/wp-content\/uploads\/2023\/06\/4-300x300.png 300w, https:\/\/panel-lozere.com\/wp-content\/uploads\/2023\/06\/4-150x150.png 150w\" sizes=\"auto, (max-width: 500px) 100vw, 500px\" \/><\/figure>\n<\/div>\n\n\n\n<div class=\"wp-block-column is-layout-flow wp-block-column-is-layout-flow\">\n<h4 class=\"wp-block-heading has-headings-color has-text-color\" style=\"font-size:30px\">D\u00e9veloppement d\u2019une strat\u00e9gie num\u00e9rique<\/h4>\n\n\n\n<p class=\"has-headings-color has-text-color\">Nos \u00e9quipes et partenaires vous accompagneront tout au long de la construction et de la mise en place de votre nouvelle strat\u00e9gie num\u00e9rique pour votre structure\u2026<\/p>\n\n\n\n<div class=\"wp-block-buttons is-layout-flex wp-block-buttons-is-layout-flex\">\n<div class=\"wp-block-button has-custom-width wp-block-button__width-25 has-custom-font-size has-small-font-size\"><a class=\"wp-block-button__link has-headings-background-color has-background wp-element-button\" style=\"border-radius:0px\">En savoir plus<\/a><\/div>\n<\/div>\n<\/div>\n<\/div>\n\n\n\n<div style=\"height:28px\" aria-hidden=\"true\" class=\"wp-block-spacer\"><\/div>\n\n\n\n<hr class=\"wp-block-separator has-css-opacity is-style-default\"\/>\n\n\n<div class=\"wp-block-image is-style-rounded\">\n<figure class=\"aligncenter size-thumbnail\"><img loading=\"lazy\" decoding=\"async\" width=\"150\" height=\"150\" src=\"https:\/\/panel-lozere.com\/wp-content\/uploads\/2023\/06\/newsletter_pro_01_logo-150x150.png\" alt=\"\" class=\"wp-image-15\" srcset=\"https:\/\/panel-lozere.com\/wp-content\/uploads\/2023\/06\/newsletter_pro_01_logo-150x150.png 150w, https:\/\/panel-lozere.com\/wp-content\/uploads\/2023\/06\/newsletter_pro_01_logo-300x300.png 300w, https:\/\/panel-lozere.com\/wp-content\/uploads\/2023\/06\/newsletter_pro_01_logo.png 500w\" sizes=\"auto, (max-width: 150px) 100vw, 150px\" \/><\/figure>\n<\/div>\n\n\n<blockquote class=\"wp-block-quote has-text-align-center is-style-large is-style-plain has-headings-color has-text-color has-small-font-size is-layout-flow wp-block-quote-is-layout-flow\" style=\"text-transform:none\">\n<p class=\"has-text-align-center has-black-color has-text-color has-source-serif-pro-font-family\" style=\"font-size:17px;letter-spacing:0px;line-height:0.8;text-transform:none\">C\u2019est tout l\u2019enjeu de ce dispositif d\u2019accompagnement pour les professionnels du territoire, con\u00e7u et mis en \u0153uvre par le <\/p>\n\n\n\n<div style=\"height:5px\" aria-hidden=\"true\" class=\"wp-block-spacer\"><\/div>\n\n\n\n<p class=\"has-text-align-center has-accent-1-color has-text-color has-source-serif-pro-font-family\" style=\"font-size:17px;letter-spacing:0px;line-height:0.8;text-transform:none\"><u><a href=\"https:\/\/www.lozere-tourisme.com\/\" data-type=\"URL\" data-id=\"https:\/\/www.lozere-tourisme.com\/\"><strong>Comit\u00e9 D\u00e9partemental du Tourisme<\/strong> et des Offices de Tourisme de Loz\u00e8re<\/a><\/u>.<\/p>\n\n\n\n<div style=\"height:5px\" aria-hidden=\"true\" class=\"wp-block-spacer\"><\/div>\n\n\n\n<p class=\"has-normal-font-size\">&#8211; Loz\u00e8re Tourisme<\/p>\n<\/blockquote>\n\n\n\n<hr class=\"wp-block-separator has-css-opacity is-style-default\"\/>\n\n\n\n<div style=\"height:90px\" aria-hidden=\"true\" class=\"wp-block-spacer\"><\/div>\n","protected":false},"excerpt":{"rendered":"<p>La distribution du tourisme a consid\u00e9rablement \u00e9volu\u00e9 avec le web PANEL est un programme qui propose l\u2019animation d\u2019un dispositif d\u2019accompagnement et de formation de tous &hellip;<\/p>\n","protected":false},"author":1,"featured_media":0,"parent":0,"menu_order":0,"comment_status":"closed","ping_status":"closed","template":"","meta":{"footnotes":""},"class_list":["post-57","page","type-page","status-publish","hentry"],"_links":{"self":[{"href":"https:\/\/panel-lozere.com\/index.php\/wp-json\/wp\/v2\/pages\/57","targetHints":{"allow":["GET"]}}],"collection":[{"href":"https:\/\/panel-lozere.com\/index.php\/wp-json\/wp\/v2\/pages"}],"about":[{"href":"https:\/\/panel-lozere.com\/index.php\/wp-json\/wp\/v2\/types\/page"}],"author":[{"embeddable":true,"href":"https:\/\/panel-lozere.com\/index.php\/wp-json\/wp\/v2\/users\/1"}],"replies":[{"embeddable":true,"href":"https:\/\/panel-lozere.com\/index.php\/wp-json\/wp\/v2\/comments?post=57"}],"version-history":[{"count":24,"href":"https:\/\/panel-lozere.com\/index.php\/wp-json\/wp\/v2\/pages\/57\/revisions"}],"predecessor-version":[{"id":103,"href":"https:\/\/panel-lozere.com\/index.php\/wp-json\/wp\/v2\/pages\/57\/revisions\/103"}],"wp:attachment":[{"href":"https:\/\/panel-lozere.com\/index.php\/wp-json\/wp\/v2\/media?parent=57"}],"curies":[{"name":"wp","href":"https:\/\/api.w.org\/{rel}","templated":true}]}}